{"id":1849,"date":"2026-04-02T17:01:12","date_gmt":"2026-04-02T17:01:12","guid":{"rendered":"https:\/\/delarosaabogados.com\/?page_id=1849"},"modified":"2026-04-08T20:34:07","modified_gmt":"2026-04-08T20:34:07","slug":"elementor-1849","status":"publish","type":"page","link":"https:\/\/delarosaabogados.com\/?page_id=1849","title":{"rendered":"Derecho Civil y Familiar"},"content":{"rendered":"\t\t<div data-elementor-type=\"wp-page\" data-elementor-id=\"1849\" class=\"elementor elementor-1849\">\n\t\t\t\t<div class=\"elementor-element elementor-element-42647f5c e-flex e-con-boxed e-con e-parent\" data-id=\"42647f5c\" data-element_type=\"container\" data-e-type=\"container\" data-settings=\"{&quot;background_background&quot;:&quot;classic&quot;}\">\n\t\t\t\t\t<div class=\"e-con-inner\">\n\t\t<div class=\"elementor-element elementor-element-7c4baf9 e-con-full e-flex e-con e-child\" data-id=\"7c4baf9\" data-element_type=\"container\" data-e-type=\"container\">\n\t\t\t\t<div class=\"elementor-element elementor-element-ca0771e elementor-widget elementor-widget-heading\" data-id=\"ca0771e\" data-element_type=\"widget\" data-e-type=\"widget\" data-widget_type=\"heading.default\">\n\t\t\t\t\t<h2 class=\"elementor-heading-title elementor-size-default\">Derecho Civil y Familiar<\/h2>\t\t\t\t<\/div>\n\t\t\t\t<\/div>\n\t\t\t\t\t<\/div>\n\t\t\t\t<\/div>\n\t\t<div class=\"elementor-element elementor-element-16f4349 e-flex e-con-boxed e-con e-parent\" data-id=\"16f4349\" data-element_type=\"container\" data-e-type=\"container\">\n\t\t\t\t\t<div class=\"e-con-inner\">\n\t\t\t\t<div class=\"elementor-element elementor-element-00dad2b elementor-widget elementor-widget-spacer\" data-id=\"00dad2b\" data-element_type=\"widget\" data-e-type=\"widget\" data-widget_type=\"spacer.default\">\n\t\t\t\t\t\t\t<div class=\"elementor-spacer\">\n\t\t\t<div class=\"elementor-spacer-inner\"><\/div>\n\t\t<\/div>\n\t\t\t\t\t\t<\/div>\n\t\t\t\t\t<\/div>\n\t\t\t\t<\/div>\n\t\t<div class=\"elementor-element elementor-element-369d6cbb e-con-full e-flex e-con e-parent\" data-id=\"369d6cbb\" data-element_type=\"container\" data-e-type=\"container\" data-settings=\"{&quot;background_background&quot;:&quot;classic&quot;}\">\n\t\t<div class=\"elementor-element elementor-element-8f1f166 e-con-full e-flex e-con e-child\" data-id=\"8f1f166\" data-element_type=\"container\" data-e-type=\"container\">\n\t\t\t\t<div class=\"elementor-element elementor-element-9e418c5 elementor-widget elementor-widget-text-editor\" data-id=\"9e418c5\" data-element_type=\"widget\" data-e-type=\"widget\" data-widget_type=\"text-editor.default\">\n\t\t\t\t\t\t\t\t\t<p data-start=\"555\" data-end=\"742\">En De La Rosa Abogados, concebimos el Derecho Civil y Familiar como una pr\u00e1ctica que exige no solo excelencia jur\u00eddica, sino tambi\u00e9n una comprensi\u00f3n profunda de la complejidad humana.<\/p>\n<p data-start=\"749\" data-end=\"970\">Cada asunto es abordado desde una perspectiva estrat\u00e9gica, confidencial y altamente especializada, orientada a anticipar escenarios y proteger, con precisi\u00f3n, los intereses personales y patrimoniales de nuestros clientes.<\/p>\t\t\t\t\t\t\t\t<\/div>\n\t\t\t\t<\/div>\n\t\t\t\t<\/div>\n\t\t<div class=\"elementor-element elementor-element-605271a e-flex e-con-boxed e-con e-parent\" data-id=\"605271a\" data-element_type=\"container\" data-e-type=\"container\">\n\t\t\t\t\t<div class=\"e-con-inner\">\n\t\t\t\t<div class=\"elementor-element elementor-element-3cbd286 elementor-widget elementor-widget-spacer\" data-id=\"3cbd286\" data-element_type=\"widget\" data-e-type=\"widget\" data-widget_type=\"spacer.default\">\n\t\t\t\t\t\t\t<div class=\"elementor-spacer\">\n\t\t\t<div class=\"elementor-spacer-inner\"><\/div>\n\t\t<\/div>\n\t\t\t\t\t\t<\/div>\n\t\t\t\t\t<\/div>\n\t\t\t\t<\/div>\n\t\t<div class=\"elementor-element elementor-element-1f7bb850 e-flex e-con-boxed e-con e-parent\" data-id=\"1f7bb850\" data-element_type=\"container\" data-e-type=\"container\" data-settings=\"{&quot;background_background&quot;:&quot;classic&quot;}\">\n\t\t\t\t\t<div class=\"e-con-inner\">\n\t\t\t\t<div class=\"elementor-element elementor-element-41d3c91f elementor-widget__width-initial elementor-widget elementor-widget-image\" data-id=\"41d3c91f\" data-element_type=\"widget\" data-e-type=\"widget\" data-widget_type=\"image.default\">\n\t\t\t\t\t\t\t\t\t\t\t\t\t\t\t<img fetchpriority=\"high\" decoding=\"async\" width=\"598\" height=\"398\" src=\"https:\/\/delarosaabogados.com\/wp-content\/uploads\/2026\/04\/wmremove-transformed.png\" class=\"attachment-large size-large wp-image-1877\" alt=\"\" srcset=\"https:\/\/delarosaabogados.com\/wp-content\/uploads\/2026\/04\/wmremove-transformed.png 598w, https:\/\/delarosaabogados.com\/wp-content\/uploads\/2026\/04\/wmremove-transformed-300x200.png 300w\" sizes=\"(max-width: 598px) 100vw, 598px\" \/>\t\t\t\t\t\t\t\t\t\t\t\t\t\t\t<\/div>\n\t\t<div class=\"elementor-element elementor-element-28ade234 e-con-full e-flex e-con e-child\" data-id=\"28ade234\" data-element_type=\"container\" data-e-type=\"container\">\n\t\t\t\t<div class=\"elementor-element elementor-element-732e3645 animated-slow elementor-invisible elementor-widget elementor-widget-heading\" data-id=\"732e3645\" data-element_type=\"widget\" data-e-type=\"widget\" data-settings=\"{&quot;_animation&quot;:&quot;slideInUp&quot;}\" data-widget_type=\"heading.default\">\n\t\t\t\t\t<h6 class=\"elementor-heading-title elementor-size-default\">Enfoque estrat\u00e9gico y acompa\u00f1amiento integral<\/h6>\t\t\t\t<\/div>\n\t\t\t\t<div class=\"elementor-element elementor-element-10b91354 elementor-widget elementor-widget-text-editor\" data-id=\"10b91354\" data-element_type=\"widget\" data-e-type=\"widget\" data-widget_type=\"text-editor.default\">\n\t\t\t\t\t\t\t\t\t<p data-start=\"1188\" data-end=\"1327\">Entendemos que los conflictos familiares impactan dimensiones esenciales de la vida: el patrimonio, la estabilidad emocional y el futuro.<\/p><p data-start=\"1334\" data-end=\"1515\">Por ello, ofrecemos una representaci\u00f3n legal que trasciende lo convencional, basada en la discreci\u00f3n absoluta, el an\u00e1lisis riguroso y un acompa\u00f1amiento cercano, s\u00f3lido y permanente.<\/p>\t\t\t\t\t\t\t\t<\/div>\n\t\t\t\t<\/div>\n\t\t\t\t\t<\/div>\n\t\t\t\t<\/div>\n\t\t<div class=\"elementor-element elementor-element-83e3085 e-flex e-con-boxed e-con e-parent\" data-id=\"83e3085\" data-element_type=\"container\" data-e-type=\"container\">\n\t\t\t\t\t<div class=\"e-con-inner\">\n\t\t\t\t<div class=\"elementor-element elementor-element-abba5b4 elementor-widget elementor-widget-spacer\" data-id=\"abba5b4\" data-element_type=\"widget\" data-e-type=\"widget\" data-widget_type=\"spacer.default\">\n\t\t\t\t\t\t\t<div class=\"elementor-spacer\">\n\t\t\t<div class=\"elementor-spacer-inner\"><\/div>\n\t\t<\/div>\n\t\t\t\t\t\t<\/div>\n\t\t\t\t\t<\/div>\n\t\t\t\t<\/div>\n\t\t<div class=\"elementor-element elementor-element-48f8a2b5 e-con-full e-flex e-con e-parent\" data-id=\"48f8a2b5\" data-element_type=\"container\" data-e-type=\"container\" data-settings=\"{&quot;background_background&quot;:&quot;classic&quot;}\">\n\t\t<div class=\"elementor-element elementor-element-3a1fd1e1 e-con-full e-flex e-con e-child\" data-id=\"3a1fd1e1\" data-element_type=\"container\" data-e-type=\"container\">\n\t\t\t\t<div class=\"elementor-element elementor-element-67bde305 elementor-widget elementor-widget-heading\" data-id=\"67bde305\" data-element_type=\"widget\" data-e-type=\"widget\" data-widget_type=\"heading.default\">\n\t\t\t\t\t<h3 class=\"elementor-heading-title elementor-size-default\">Direcci\u00f3n y especializaci\u00f3n<\/h3>\t\t\t\t<\/div>\n\t\t\t\t<div class=\"elementor-element elementor-element-5d4b11f9 elementor-widget elementor-widget-text-editor\" data-id=\"5d4b11f9\" data-element_type=\"widget\" data-e-type=\"widget\" data-widget_type=\"text-editor.default\">\n\t\t\t\t\t\t\t\t\t<p data-start=\"1607\" data-end=\"1863\">Bajo la direcci\u00f3n de la Licenciada Amelia del Carmen De La Rosa L\u00f3pez, especialista en Derecho Familiar, cada caso se dise\u00f1a como una estrategia \u00fanica, alineada a las disposiciones m\u00e1s recientes del C\u00f3digo Nacional de Procedimientos Civiles y Familiares.<\/p><p data-start=\"1870\" data-end=\"2035\">Nuestra pr\u00e1ctica integra perspectiva de g\u00e9nero y est\u00e1ndares de protecci\u00f3n reforzada para ni\u00f1as, ni\u00f1os y adolescentes, garantizando un enfoque integral y actualizado.<\/p>\t\t\t\t\t\t\t\t<\/div>\n\t\t\t\t<\/div>\n\t\t<div class=\"elementor-element elementor-element-1f8e93ba e-con-full e-flex e-con e-child\" data-id=\"1f8e93ba\" data-element_type=\"container\" data-e-type=\"container\">\n\t\t\t\t<div class=\"elementor-element elementor-element-6f2fdf22 elementor-widget elementor-widget-heading\" data-id=\"6f2fdf22\" data-element_type=\"widget\" data-e-type=\"widget\" data-widget_type=\"heading.default\">\n\t\t\t\t\t<h3 class=\"elementor-heading-title elementor-size-default\">\u00c1reas de atenci\u00f3n en Derecho Familiar<\/h3>\t\t\t\t<\/div>\n\t\t\t\t<div class=\"elementor-element elementor-element-50d9a350 elementor-widget elementor-widget-text-editor\" data-id=\"50d9a350\" data-element_type=\"widget\" data-e-type=\"widget\" data-widget_type=\"text-editor.default\">\n\t\t\t\t\t\t\t\t\t<p data-start=\"2126\" data-end=\"2177\">Atendemos asuntos de alta complejidad, entre ellos:<\/p><ul data-start=\"2179\" data-end=\"2499\"><li data-section-id=\"t7fk6w\" data-start=\"2179\" data-end=\"2192\"><p data-start=\"2181\" data-end=\"2192\">Divorcios<\/p><\/li><li data-section-id=\"1bhm51w\" data-start=\"2193\" data-end=\"2237\"><p data-start=\"2195\" data-end=\"2237\">Custodia y toma de decisiones parentales<\/p><\/li><li data-section-id=\"abdkpx\" data-start=\"2238\" data-end=\"2288\"><p data-start=\"2240\" data-end=\"2288\">Pensi\u00f3n alimenticia (estructuraci\u00f3n y defensa)<\/p><\/li><li data-section-id=\"12u7esj\" data-start=\"2289\" data-end=\"2331\"><p data-start=\"2291\" data-end=\"2331\">Violencia familiar y violencia vicaria<\/p><\/li><li data-section-id=\"p3cry3\" data-start=\"2332\" data-end=\"2351\"><p data-start=\"2334\" data-end=\"2351\">Patria potestad<\/p><\/li><li data-section-id=\"jbjdg7\" data-start=\"2352\" data-end=\"2388\"><p data-start=\"2354\" data-end=\"2388\">Medidas de protecci\u00f3n inmediatas<\/p><\/li><li data-section-id=\"gmzbfj\" data-start=\"2389\" data-end=\"2429\"><p data-start=\"2391\" data-end=\"2429\">Negociaci\u00f3n de conflictos familiares<\/p><\/li><li data-section-id=\"1wjlbxh\" data-start=\"2430\" data-end=\"2444\"><p data-start=\"2432\" data-end=\"2444\">Sucesiones<\/p><\/li><li data-section-id=\"1ybpnmv\" data-start=\"2445\" data-end=\"2472\"><p data-start=\"2447\" data-end=\"2472\">Jurisdicci\u00f3n voluntaria<\/p><\/li><li data-section-id=\"2ndjkb\" data-start=\"2473\" data-end=\"2499\"><p data-start=\"2475\" data-end=\"2499\">Parentesco y filiaci\u00f3n<\/p><\/li><\/ul>\t\t\t\t\t\t\t\t<\/div>\n\t\t\t\t<\/div>\n\t\t\t\t<\/div>\n\t\t<div class=\"elementor-element elementor-element-8400e6f e-flex e-con-boxed e-con e-parent\" data-id=\"8400e6f\" data-element_type=\"container\" data-e-type=\"container\">\n\t\t\t\t\t<div class=\"e-con-inner\">\n\t\t\t\t<div class=\"elementor-element elementor-element-3fa2b60 elementor-widget elementor-widget-spacer\" data-id=\"3fa2b60\" data-element_type=\"widget\" data-e-type=\"widget\" data-widget_type=\"spacer.default\">\n\t\t\t\t\t\t\t<div class=\"elementor-spacer\">\n\t\t\t<div class=\"elementor-spacer-inner\"><\/div>\n\t\t<\/div>\n\t\t\t\t\t\t<\/div>\n\t\t\t\t\t<\/div>\n\t\t\t\t<\/div>\n\t\t<div class=\"elementor-element elementor-element-990f530 e-con-full e-flex e-con e-parent\" data-id=\"990f530\" data-element_type=\"container\" data-e-type=\"container\" data-settings=\"{&quot;background_background&quot;:&quot;classic&quot;}\">\n\t\t<div class=\"elementor-element elementor-element-17f955f e-con-full e-flex e-con e-child\" data-id=\"17f955f\" data-element_type=\"container\" data-e-type=\"container\">\n\t\t\t\t<div class=\"elementor-element elementor-element-9182056 elementor-widget elementor-widget-heading\" data-id=\"9182056\" data-element_type=\"widget\" data-e-type=\"widget\" data-widget_type=\"heading.default\">\n\t\t\t\t\t<h2 class=\"elementor-heading-title elementor-size-default\">Nuestra forma de trabajar<\/h2>\t\t\t\t<\/div>\n\t\t\t\t<div class=\"elementor-element elementor-element-b370617 elementor-widget elementor-widget-text-editor\" data-id=\"b370617\" data-element_type=\"widget\" data-e-type=\"widget\" data-widget_type=\"text-editor.default\">\n\t\t\t\t\t\t\t\t\t<p data-start=\"2586\" data-end=\"2741\">Nuestra firma se distingue por el control estrat\u00e9gico de cada asunto, la toma de decisiones informada y la ejecuci\u00f3n impecable de cada etapa del proceso.<\/p><p data-start=\"2748\" data-end=\"2864\">Privilegiamos soluciones inteligentes y eficientes, sin renunciar a la firmeza jur\u00eddica cuando el contexto lo exige.<\/p>\t\t\t\t\t\t\t\t<\/div>\n\t\t\t\t<\/div>\n\t\t\t\t<\/div>\n\t\t<div class=\"elementor-element elementor-element-17cf22f5 e-con-full e-flex e-con e-parent\" data-id=\"17cf22f5\" data-element_type=\"container\" data-e-type=\"container\" data-settings=\"{&quot;background_background&quot;:&quot;classic&quot;}\">\n\t\t<div class=\"elementor-element elementor-element-7d06295 e-flex e-con-boxed e-con e-child\" data-id=\"7d06295\" data-element_type=\"container\" data-e-type=\"container\">\n\t\t\t\t\t<div class=\"e-con-inner\">\n\t\t\t\t<div class=\"elementor-element elementor-element-ba55262 elementor-widget elementor-widget-heading\" data-id=\"ba55262\" data-element_type=\"widget\" data-e-type=\"widget\" data-widget_type=\"heading.default\">\n\t\t\t\t\t<h2 class=\"elementor-heading-title elementor-size-default\">Cada cliente cuenta con:<\/h2>\t\t\t\t<\/div>\n\t\t\t\t\t<\/div>\n\t\t\t\t<\/div>\n\t\t<div class=\"elementor-element elementor-element-4a72393b e-con-full e-flex e-con e-child\" data-id=\"4a72393b\" data-element_type=\"container\" data-e-type=\"container\">\n\t\t<div class=\"elementor-element elementor-element-bdab079 e-con-full e-flex e-con e-child\" data-id=\"bdab079\" data-element_type=\"container\" data-e-type=\"container\">\n\t\t\t\t<div class=\"elementor-element elementor-element-70378299 elementor-invisible elementor-widget elementor-widget-icon-box\" data-id=\"70378299\" data-element_type=\"widget\" data-e-type=\"widget\" data-settings=\"{&quot;_animation&quot;:&quot;fadeInUp&quot;}\" data-widget_type=\"icon-box.default\">\n\t\t\t\t\t\t\t<div class=\"elementor-icon-box-wrapper\">\n\n\t\t\t\n\t\t\t\t\t\t<div class=\"elementor-icon-box-content\">\n\n\t\t\t\t\n\t\t\t\t\t\t\t\t\t<p class=\"elementor-icon-box-description\">\n\t\t\t\t\t\tAtenci\u00f3n directa y altamente personalizada\nEstrategia legal dise\u00f1ada a la medida\nConfidencialidad absoluta\n<br>\n<br>\n<br>\n<br>\n<br>\t\t\t\t\t<\/p>\n\t\t\t\t\n\t\t\t<\/div>\n\t\t\t\n\t\t<\/div>\n\t\t\t\t\t\t<\/div>\n\t\t\t\t<\/div>\n\t\t<div class=\"elementor-element elementor-element-41107975 e-con-full e-flex e-con e-child\" data-id=\"41107975\" data-element_type=\"container\" data-e-type=\"container\">\n\t\t\t\t<div class=\"elementor-element elementor-element-48bc5cf4 elementor-invisible elementor-widget elementor-widget-icon-box\" data-id=\"48bc5cf4\" data-element_type=\"widget\" data-e-type=\"widget\" data-settings=\"{&quot;_animation&quot;:&quot;fadeInUp&quot;,&quot;_animation_delay&quot;:&quot;200&quot;}\" data-widget_type=\"icon-box.default\">\n\t\t\t\t\t\t\t<div class=\"elementor-icon-box-wrapper\">\n\n\t\t\t\n\t\t\t\t\t\t<div class=\"elementor-icon-box-content\">\n\n\t\t\t\t\n\t\t\t\t\t\t\t\t\t<p class=\"elementor-icon-box-description\">\n\t\t\t\t\t\tSeguimiento continuo y comunicaci\u00f3n clara\nRepresentaci\u00f3n s\u00f3lida, discreta y de alto nivel\n<br>\n<br>\n<br>\n<br>\n<br>\t\t\t\t\t<\/p>\n\t\t\t\t\n\t\t\t<\/div>\n\t\t\t\n\t\t<\/div>\n\t\t\t\t\t\t<\/div>\n\t\t\t\t<\/div>\n\t\t\t\t<\/div>\n\t\t\t\t<\/div>\n\t\t<div class=\"elementor-element elementor-element-8352207 e-flex e-con-boxed e-con e-parent\" data-id=\"8352207\" data-element_type=\"container\" data-e-type=\"container\">\n\t\t\t\t\t<div class=\"e-con-inner\">\n\t\t\t\t<div class=\"elementor-element elementor-element-22f9bed elementor-widget elementor-widget-spacer\" data-id=\"22f9bed\" data-element_type=\"widget\" data-e-type=\"widget\" data-widget_type=\"spacer.default\">\n\t\t\t\t\t\t\t<div class=\"elementor-spacer\">\n\t\t\t<div class=\"elementor-spacer-inner\"><\/div>\n\t\t<\/div>\n\t\t\t\t\t\t<\/div>\n\t\t\t\t\t<\/div>\n\t\t\t\t<\/div>\n\t\t<div class=\"elementor-element elementor-element-2f90f998 e-flex e-con-boxed e-con e-parent\" data-id=\"2f90f998\" data-element_type=\"container\" data-e-type=\"container\" data-settings=\"{&quot;background_background&quot;:&quot;classic&quot;}\">\n\t\t\t\t\t<div class=\"e-con-inner\">\n\t\t<div class=\"elementor-element elementor-element-7bae957 e-con-full e-flex e-con e-child\" data-id=\"7bae957\" data-element_type=\"container\" data-e-type=\"container\">\n\t\t\t\t<div class=\"elementor-element elementor-element-e6b5470 elementor-widget elementor-widget-heading\" data-id=\"e6b5470\" data-element_type=\"widget\" data-e-type=\"widget\" data-widget_type=\"heading.default\">\n\t\t\t\t\t<h2 class=\"elementor-heading-title elementor-size-default\">En De La Rosa Abogados, no solo representamos casos: resguardamos intereses, patrimonio y futuro con la seriedad, inteligencia y precisi\u00f3n que cada situaci\u00f3n exige.<\/h2>\t\t\t\t<\/div>\n\t\t\t\t<\/div>\n\t\t\t\t\t<\/div>\n\t\t\t\t<\/div>\n\t\t<div class=\"elementor-element elementor-element-199770d e-flex e-con-boxed e-con e-parent\" data-id=\"199770d\" data-element_type=\"container\" data-e-type=\"container\">\n\t\t\t\t\t<div class=\"e-con-inner\">\n\t\t\t\t<div class=\"elementor-element elementor-element-2258d21 elementor-widget elementor-widget-spacer\" data-id=\"2258d21\" data-element_type=\"widget\" data-e-type=\"widget\" data-widget_type=\"spacer.default\">\n\t\t\t\t\t\t\t<div class=\"elementor-spacer\">\n\t\t\t<div class=\"elementor-spacer-inner\"><\/div>\n\t\t<\/div>\n\t\t\t\t\t\t<\/div>\n\t\t\t\t\t<\/div>\n\t\t\t\t<\/div>\n\t\t\t\t<\/div>\n\t\t","protected":false},"excerpt":{"rendered":"<p>Derecho Civil y Familiar En De La Rosa Abogados, concebimos el Derecho Civil y Familiar como una pr\u00e1ctica que exige no solo excelencia jur\u00eddica, sino tambi\u00e9n una comprensi\u00f3n profunda de la complejidad humana. Cada asunto es abordado desde una perspectiva estrat\u00e9gica, confidencial y altamente especializada, orientada a anticipar escenarios y proteger, con precisi\u00f3n, los intereses [&hellip;]<\/p>\n","protected":false},"author":1,"featured_media":0,"parent":0,"menu_order":0,"comment_status":"closed","ping_status":"closed","template":"elementor_header_footer","meta":{"footnotes":""},"class_list":["post-1849","page","type-page","status-publish","hentry"],"blocksy_meta":[],"_links":{"self":[{"href":"https:\/\/delarosaabogados.com\/index.php?rest_route=\/wp\/v2\/pages\/1849","targetHints":{"allow":["GET"]}}],"collection":[{"href":"https:\/\/delarosaabogados.com\/index.php?rest_route=\/wp\/v2\/pages"}],"about":[{"href":"https:\/\/delarosaabogados.com\/index.php?rest_route=\/wp\/v2\/types\/page"}],"author":[{"embeddable":true,"href":"https:\/\/delarosaabogados.com\/index.php?rest_route=\/wp\/v2\/users\/1"}],"replies":[{"embeddable":true,"href":"https:\/\/delarosaabogados.com\/index.php?rest_route=%2Fwp%2Fv2%2Fcomments&post=1849"}],"version-history":[{"count":72,"href":"https:\/\/delarosaabogados.com\/index.php?rest_route=\/wp\/v2\/pages\/1849\/revisions"}],"predecessor-version":[{"id":2043,"href":"https:\/\/delarosaabogados.com\/index.php?rest_route=\/wp\/v2\/pages\/1849\/revisions\/2043"}],"wp:attachment":[{"href":"https:\/\/delarosaabogados.com\/index.php?rest_route=%2Fwp%2Fv2%2Fmedia&parent=1849"}],"curies":[{"name":"wp","href":"https:\/\/api.w.org\/{rel}","templated":true}]}}