{"id":1725,"date":"2026-03-11T21:12:12","date_gmt":"2026-03-11T21:12:12","guid":{"rendered":"https:\/\/delarosaabogados.com\/?page_id=1725"},"modified":"2026-03-11T21:19:52","modified_gmt":"2026-03-11T21:19:52","slug":"blanca-estela-mata-castillo","status":"publish","type":"page","link":"https:\/\/delarosaabogados.com\/?page_id=1725","title":{"rendered":"BLANCA ESTELA MATA CASTILLO"},"content":{"rendered":"\t\t<div data-elementor-type=\"wp-page\" data-elementor-id=\"1725\" class=\"elementor elementor-1725\">\n\t\t\t\t<div class=\"elementor-element elementor-element-7d67e00d e-flex e-con-boxed e-con e-parent\" data-id=\"7d67e00d\" data-element_type=\"container\" data-e-type=\"container\" data-settings=\"{&quot;background_background&quot;:&quot;classic&quot;}\">\n\t\t\t\t\t<div class=\"e-con-inner\">\n\t\t<div class=\"elementor-element elementor-element-8955166 e-con-full e-flex e-con e-child\" data-id=\"8955166\" data-element_type=\"container\" data-e-type=\"container\">\n\t\t\t\t<div class=\"elementor-element elementor-element-fe40bb8 elementor-widget elementor-widget-heading\" data-id=\"fe40bb8\" data-element_type=\"widget\" data-e-type=\"widget\" data-widget_type=\"heading.default\">\n\t\t\t\t\t<h2 class=\"elementor-heading-title elementor-size-default\">BLANCA ESTELA MATA CASTILLO<\/h2>\t\t\t\t<\/div>\n\t\t\t\t<\/div>\n\t\t\t\t\t<\/div>\n\t\t\t\t<\/div>\n\t\t<div class=\"elementor-element elementor-element-7e1f663 e-flex e-con-boxed e-con e-parent\" data-id=\"7e1f663\" data-element_type=\"container\" data-e-type=\"container\">\n\t\t\t\t\t<div class=\"e-con-inner\">\n\t\t\t\t<div class=\"elementor-element elementor-element-943d877 elementor-widget elementor-widget-spacer\" data-id=\"943d877\" data-element_type=\"widget\" data-e-type=\"widget\" data-widget_type=\"spacer.default\">\n\t\t\t\t\t\t\t<div class=\"elementor-spacer\">\n\t\t\t<div class=\"elementor-spacer-inner\"><\/div>\n\t\t<\/div>\n\t\t\t\t\t\t<\/div>\n\t\t\t\t\t<\/div>\n\t\t\t\t<\/div>\n\t\t<div class=\"elementor-element elementor-element-353572c e-con-full e-flex e-con e-parent\" data-id=\"353572c\" data-element_type=\"container\" data-e-type=\"container\" data-settings=\"{&quot;background_background&quot;:&quot;classic&quot;}\">\n\t\t<div class=\"elementor-element elementor-element-5297ad0a e-con-full e-flex e-con e-child\" data-id=\"5297ad0a\" data-element_type=\"container\" data-e-type=\"container\">\n\t\t\t\t<div class=\"elementor-element elementor-element-8eb0dad elementor-widget elementor-widget-image\" data-id=\"8eb0dad\" data-element_type=\"widget\" data-e-type=\"widget\" data-widget_type=\"image.default\">\n\t\t\t\t\t\t\t\t\t\t\t\t\t\t\t<img fetchpriority=\"high\" decoding=\"async\" width=\"803\" height=\"1024\" src=\"https:\/\/delarosaabogados.com\/wp-content\/uploads\/2026\/03\/Gemini_Generated_Image_ebjttvebjttvebjt-1-1-803x1024.png\" class=\"attachment-large size-large wp-image-1582\" alt=\"\" srcset=\"https:\/\/delarosaabogados.com\/wp-content\/uploads\/2026\/03\/Gemini_Generated_Image_ebjttvebjttvebjt-1-1-803x1024.png 803w, https:\/\/delarosaabogados.com\/wp-content\/uploads\/2026\/03\/Gemini_Generated_Image_ebjttvebjttvebjt-1-1-235x300.png 235w, https:\/\/delarosaabogados.com\/wp-content\/uploads\/2026\/03\/Gemini_Generated_Image_ebjttvebjttvebjt-1-1-768x979.png 768w, https:\/\/delarosaabogados.com\/wp-content\/uploads\/2026\/03\/Gemini_Generated_Image_ebjttvebjttvebjt-1-1.png 849w\" sizes=\"(max-width: 803px) 100vw, 803px\" \/>\t\t\t\t\t\t\t\t\t\t\t\t\t\t\t<\/div>\n\t\t\t\t<\/div>\n\t\t<div class=\"elementor-element elementor-element-57a05fa e-con-full e-flex e-con e-child\" data-id=\"57a05fa\" data-element_type=\"container\" data-e-type=\"container\">\n\t\t\t\t<div class=\"elementor-element elementor-element-33516dbf elementor-widget elementor-widget-text-editor\" data-id=\"33516dbf\" data-element_type=\"widget\" data-e-type=\"widget\" data-widget_type=\"text-editor.default\">\n\t\t\t\t\t\t\t\t\t<p>\u00a0Blanca Estela Mata S\u00e1nchez, se desempe\u00f1a como Asistente de Administraci\u00f3n en \u201c<strong><b>DE LA ROSA ABOGADOS ASOCIADOS, S.C.\u201d<\/b><\/strong>, contando con m\u00e1s de quince a\u00f1os de trayectoria dentro de la firma, se ha convertido en un apoyo fundamental en la coordinaci\u00f3n administrativa y en la organizaci\u00f3n operativa, contribuyendo al adecuado funcionamiento de las actividades del equipo jur\u00eddico.<\/p><p>Su experiencia, responsabilidad y compromiso institucional la han convertido en una pieza clave dentro de la estructura administrativa de \u201c<strong><b>DE LA ROSA ABOGADOS ASOCIADOS, S.C.\u201d<\/b><\/strong>, distingui\u00e9ndose por su profesionalismo, organizaci\u00f3n y lealtad a los valores que caracterizan a la firma<\/p>\t\t\t\t\t\t\t\t<\/div>\n\t\t\t\t<\/div>\n\t\t\t\t<\/div>\n\t\t<div class=\"elementor-element elementor-element-1a22946 e-flex e-con-boxed e-con e-parent\" data-id=\"1a22946\" data-element_type=\"container\" data-e-type=\"container\">\n\t\t\t\t\t<div class=\"e-con-inner\">\n\t\t\t\t<div class=\"elementor-element elementor-element-72d6308 elementor-widget elementor-widget-spacer\" data-id=\"72d6308\" data-element_type=\"widget\" data-e-type=\"widget\" data-widget_type=\"spacer.default\">\n\t\t\t\t\t\t\t<div class=\"elementor-spacer\">\n\t\t\t<div class=\"elementor-spacer-inner\"><\/div>\n\t\t<\/div>\n\t\t\t\t\t\t<\/div>\n\t\t\t\t\t<\/div>\n\t\t\t\t<\/div>\n\t\t\t\t<\/div>\n\t\t","protected":false},"excerpt":{"rendered":"<p>BLANCA ESTELA MATA CASTILLO \u00a0Blanca Estela Mata S\u00e1nchez, se desempe\u00f1a como Asistente de Administraci\u00f3n en \u201cDE LA ROSA ABOGADOS ASOCIADOS, S.C.\u201d, contando con m\u00e1s de quince a\u00f1os de trayectoria dentro de la firma, se ha convertido en un apoyo fundamental en la coordinaci\u00f3n administrativa y en la organizaci\u00f3n operativa, contribuyendo al adecuado funcionamiento de las [&hellip;]<\/p>\n","protected":false},"author":1,"featured_media":0,"parent":0,"menu_order":0,"comment_status":"closed","ping_status":"closed","template":"elementor_header_footer","meta":{"footnotes":""},"class_list":["post-1725","page","type-page","status-publish","hentry"],"blocksy_meta":[],"_links":{"self":[{"href":"https:\/\/delarosaabogados.com\/index.php?rest_route=\/wp\/v2\/pages\/1725","targetHints":{"allow":["GET"]}}],"collection":[{"href":"https:\/\/delarosaabogados.com\/index.php?rest_route=\/wp\/v2\/pages"}],"about":[{"href":"https:\/\/delarosaabogados.com\/index.php?rest_route=\/wp\/v2\/types\/page"}],"author":[{"embeddable":true,"href":"https:\/\/delarosaabogados.com\/index.php?rest_route=\/wp\/v2\/users\/1"}],"replies":[{"embeddable":true,"href":"https:\/\/delarosaabogados.com\/index.php?rest_route=%2Fwp%2Fv2%2Fcomments&post=1725"}],"version-history":[{"count":11,"href":"https:\/\/delarosaabogados.com\/index.php?rest_route=\/wp\/v2\/pages\/1725\/revisions"}],"predecessor-version":[{"id":1737,"href":"https:\/\/delarosaabogados.com\/index.php?rest_route=\/wp\/v2\/pages\/1725\/revisions\/1737"}],"wp:attachment":[{"href":"https:\/\/delarosaabogados.com\/index.php?rest_route=%2Fwp%2Fv2%2Fmedia&parent=1725"}],"curies":[{"name":"wp","href":"https:\/\/api.w.org\/{rel}","templated":true}]}}