{"id":1715,"date":"2026-03-11T21:00:24","date_gmt":"2026-03-11T21:00:24","guid":{"rendered":"https:\/\/delarosaabogados.com\/?page_id=1715"},"modified":"2026-03-11T21:11:06","modified_gmt":"2026-03-11T21:11:06","slug":"axel-ivan-de-la-rosa-rodriguez","status":"publish","type":"page","link":"https:\/\/delarosaabogados.com\/?page_id=1715","title":{"rendered":"AXEL IV\u00c1N DE LA ROSA RODR\u00cdGUEZ"},"content":{"rendered":"\t\t<div data-elementor-type=\"wp-page\" data-elementor-id=\"1715\" class=\"elementor elementor-1715\">\n\t\t\t\t<div class=\"elementor-element elementor-element-3051d234 e-flex e-con-boxed e-con e-parent\" data-id=\"3051d234\" data-element_type=\"container\" data-e-type=\"container\" data-settings=\"{&quot;background_background&quot;:&quot;classic&quot;}\">\n\t\t\t\t\t<div class=\"e-con-inner\">\n\t\t<div class=\"elementor-element elementor-element-e5fa797 e-con-full e-flex e-con e-child\" data-id=\"e5fa797\" data-element_type=\"container\" data-e-type=\"container\">\n\t\t\t\t<div class=\"elementor-element elementor-element-f5f7427 elementor-widget elementor-widget-heading\" data-id=\"f5f7427\" data-element_type=\"widget\" data-e-type=\"widget\" data-widget_type=\"heading.default\">\n\t\t\t\t\t<h2 class=\"elementor-heading-title elementor-size-default\">AXEL IV\u00c1N DE LA ROSA RODR\u00cdGUEZ<\/h2>\t\t\t\t<\/div>\n\t\t\t\t<\/div>\n\t\t\t\t\t<\/div>\n\t\t\t\t<\/div>\n\t\t<div class=\"elementor-element elementor-element-c00c5fd e-flex e-con-boxed e-con e-parent\" data-id=\"c00c5fd\" data-element_type=\"container\" data-e-type=\"container\">\n\t\t\t\t\t<div class=\"e-con-inner\">\n\t\t\t\t<div class=\"elementor-element elementor-element-9e2ed2f elementor-widget elementor-widget-spacer\" data-id=\"9e2ed2f\" data-element_type=\"widget\" data-e-type=\"widget\" data-widget_type=\"spacer.default\">\n\t\t\t\t\t\t\t<div class=\"elementor-spacer\">\n\t\t\t<div class=\"elementor-spacer-inner\"><\/div>\n\t\t<\/div>\n\t\t\t\t\t\t<\/div>\n\t\t\t\t\t<\/div>\n\t\t\t\t<\/div>\n\t\t<div class=\"elementor-element elementor-element-18c77d8e e-con-full e-flex e-con e-parent\" data-id=\"18c77d8e\" data-element_type=\"container\" data-e-type=\"container\" data-settings=\"{&quot;background_background&quot;:&quot;classic&quot;}\">\n\t\t<div class=\"elementor-element elementor-element-45de943f e-con-full e-flex e-con e-child\" data-id=\"45de943f\" data-element_type=\"container\" data-e-type=\"container\">\n\t\t\t\t<div class=\"elementor-element elementor-element-8dd52bd elementor-widget elementor-widget-image\" data-id=\"8dd52bd\" data-element_type=\"widget\" data-e-type=\"widget\" data-widget_type=\"image.default\">\n\t\t\t\t\t\t\t\t\t\t\t\t\t\t\t<img fetchpriority=\"high\" decoding=\"async\" width=\"978\" height=\"1024\" src=\"https:\/\/delarosaabogados.com\/wp-content\/uploads\/2026\/03\/Gemini_Generated_Image_4gsppk4gsppk4gsp-1-e1773174559316-978x1024.png\" class=\"attachment-large size-large wp-image-1520\" alt=\"\" srcset=\"https:\/\/delarosaabogados.com\/wp-content\/uploads\/2026\/03\/Gemini_Generated_Image_4gsppk4gsppk4gsp-1-e1773174559316-978x1024.png 978w, https:\/\/delarosaabogados.com\/wp-content\/uploads\/2026\/03\/Gemini_Generated_Image_4gsppk4gsppk4gsp-1-e1773174559316-287x300.png 287w, https:\/\/delarosaabogados.com\/wp-content\/uploads\/2026\/03\/Gemini_Generated_Image_4gsppk4gsppk4gsp-1-e1773174559316-768x804.png 768w, https:\/\/delarosaabogados.com\/wp-content\/uploads\/2026\/03\/Gemini_Generated_Image_4gsppk4gsppk4gsp-1-e1773174559316-1468x1536.png 1468w, https:\/\/delarosaabogados.com\/wp-content\/uploads\/2026\/03\/Gemini_Generated_Image_4gsppk4gsppk4gsp-1-e1773174559316.png 1870w\" sizes=\"(max-width: 978px) 100vw, 978px\" \/>\t\t\t\t\t\t\t\t\t\t\t\t\t\t\t<\/div>\n\t\t\t\t<\/div>\n\t\t<div class=\"elementor-element elementor-element-445e1618 e-con-full e-flex e-con e-child\" data-id=\"445e1618\" data-element_type=\"container\" data-e-type=\"container\">\n\t\t\t\t<div class=\"elementor-element elementor-element-336934b0 elementor-widget elementor-widget-text-editor\" data-id=\"336934b0\" data-element_type=\"widget\" data-e-type=\"widget\" data-widget_type=\"text-editor.default\">\n\t\t\t\t\t\t\t\t\t<p>Axel Iv\u00e1n De La Rosa Rodr\u00edguez forma parte del equipo de \u201c<strong><b>DE LA ROSA ABOGADOS ASOCIADOS, S.C.\u201d<\/b><\/strong>, donde colabora en diversas actividades de apoyo jur\u00eddico y administrativo mientras contin\u00faa con su formaci\u00f3n acad\u00e9mica en el \u00e1mbito del derecho.<\/p><p>Desde su incorporaci\u00f3n al despacho ha participado activamente en el apoyo a las labores del equipo legal, contribuyendo en tareas de seguimiento de asuntos, organizaci\u00f3n de informaci\u00f3n jur\u00eddica y asistencia en la din\u00e1mica operativa del despacho.<\/p><p>Su inter\u00e9s por el estudio del derecho, su compromiso y disposici\u00f3n para el aprendizaje constante lo convierten en un valioso apoyo dentro del equipo.<\/p>\t\t\t\t\t\t\t\t<\/div>\n\t\t\t\t<\/div>\n\t\t\t\t<\/div>\n\t\t<div class=\"elementor-element elementor-element-5d2ac75 e-flex e-con-boxed e-con e-parent\" data-id=\"5d2ac75\" data-element_type=\"container\" data-e-type=\"container\">\n\t\t\t\t\t<div class=\"e-con-inner\">\n\t\t\t\t<div class=\"elementor-element elementor-element-3e21dac elementor-widget elementor-widget-spacer\" data-id=\"3e21dac\" data-element_type=\"widget\" data-e-type=\"widget\" data-widget_type=\"spacer.default\">\n\t\t\t\t\t\t\t<div class=\"elementor-spacer\">\n\t\t\t<div class=\"elementor-spacer-inner\"><\/div>\n\t\t<\/div>\n\t\t\t\t\t\t<\/div>\n\t\t\t\t\t<\/div>\n\t\t\t\t<\/div>\n\t\t\t\t<\/div>\n\t\t","protected":false},"excerpt":{"rendered":"<p>AXEL IV\u00c1N DE LA ROSA RODR\u00cdGUEZ Axel Iv\u00e1n De La Rosa Rodr\u00edguez forma parte del equipo de \u201cDE LA ROSA ABOGADOS ASOCIADOS, S.C.\u201d, donde colabora en diversas actividades de apoyo jur\u00eddico y administrativo mientras contin\u00faa con su formaci\u00f3n acad\u00e9mica en el \u00e1mbito del derecho. Desde su incorporaci\u00f3n al despacho ha participado activamente en el apoyo [&hellip;]<\/p>\n","protected":false},"author":1,"featured_media":0,"parent":0,"menu_order":0,"comment_status":"closed","ping_status":"closed","template":"elementor_header_footer","meta":{"footnotes":""},"class_list":["post-1715","page","type-page","status-publish","hentry"],"blocksy_meta":[],"_links":{"self":[{"href":"https:\/\/delarosaabogados.com\/index.php?rest_route=\/wp\/v2\/pages\/1715","targetHints":{"allow":["GET"]}}],"collection":[{"href":"https:\/\/delarosaabogados.com\/index.php?rest_route=\/wp\/v2\/pages"}],"about":[{"href":"https:\/\/delarosaabogados.com\/index.php?rest_route=\/wp\/v2\/types\/page"}],"author":[{"embeddable":true,"href":"https:\/\/delarosaabogados.com\/index.php?rest_route=\/wp\/v2\/users\/1"}],"replies":[{"embeddable":true,"href":"https:\/\/delarosaabogados.com\/index.php?rest_route=%2Fwp%2Fv2%2Fcomments&post=1715"}],"version-history":[{"count":8,"href":"https:\/\/delarosaabogados.com\/index.php?rest_route=\/wp\/v2\/pages\/1715\/revisions"}],"predecessor-version":[{"id":1724,"href":"https:\/\/delarosaabogados.com\/index.php?rest_route=\/wp\/v2\/pages\/1715\/revisions\/1724"}],"wp:attachment":[{"href":"https:\/\/delarosaabogados.com\/index.php?rest_route=%2Fwp%2Fv2%2Fmedia&parent=1715"}],"curies":[{"name":"wp","href":"https:\/\/api.w.org\/{rel}","templated":true}]}}