{"id":1675,"date":"2026-03-11T20:20:19","date_gmt":"2026-03-11T20:20:19","guid":{"rendered":"https:\/\/delarosaabogados.com\/?page_id=1675"},"modified":"2026-03-11T20:32:48","modified_gmt":"2026-03-11T20:32:48","slug":"lic-almarosa-sanchez-perez","status":"publish","type":"page","link":"https:\/\/delarosaabogados.com\/?page_id=1675","title":{"rendered":"LIC. ALMAROSA S\u00c1NCHEZ P\u00c9REZ"},"content":{"rendered":"\t\t<div data-elementor-type=\"wp-page\" data-elementor-id=\"1675\" class=\"elementor elementor-1675\">\n\t\t\t\t<div class=\"elementor-element elementor-element-24145c e-flex e-con-boxed e-con e-parent\" data-id=\"24145c\" data-element_type=\"container\" data-e-type=\"container\" data-settings=\"{&quot;background_background&quot;:&quot;classic&quot;}\">\n\t\t\t\t\t<div class=\"e-con-inner\">\n\t\t<div class=\"elementor-element elementor-element-51ef792 e-con-full e-flex e-con e-child\" data-id=\"51ef792\" data-element_type=\"container\" data-e-type=\"container\">\n\t\t\t\t<div class=\"elementor-element elementor-element-543e101 elementor-widget elementor-widget-heading\" data-id=\"543e101\" data-element_type=\"widget\" data-e-type=\"widget\" data-widget_type=\"heading.default\">\n\t\t\t\t\t<h2 class=\"elementor-heading-title elementor-size-default\">LIC. ALMAROSA S\u00c1NCHEZ P\u00c9REZ <\/h2>\t\t\t\t<\/div>\n\t\t\t\t<\/div>\n\t\t\t\t\t<\/div>\n\t\t\t\t<\/div>\n\t\t<div class=\"elementor-element elementor-element-88b17f7 e-flex e-con-boxed e-con e-parent\" data-id=\"88b17f7\" data-element_type=\"container\" data-e-type=\"container\">\n\t\t\t\t\t<div class=\"e-con-inner\">\n\t\t\t\t<div class=\"elementor-element elementor-element-5acd840 elementor-widget elementor-widget-spacer\" data-id=\"5acd840\" data-element_type=\"widget\" data-e-type=\"widget\" data-widget_type=\"spacer.default\">\n\t\t\t\t\t\t\t<div class=\"elementor-spacer\">\n\t\t\t<div class=\"elementor-spacer-inner\"><\/div>\n\t\t<\/div>\n\t\t\t\t\t\t<\/div>\n\t\t\t\t\t<\/div>\n\t\t\t\t<\/div>\n\t\t<div class=\"elementor-element elementor-element-252f8de6 e-con-full e-flex e-con e-parent\" data-id=\"252f8de6\" data-element_type=\"container\" data-e-type=\"container\" data-settings=\"{&quot;background_background&quot;:&quot;classic&quot;}\">\n\t\t<div class=\"elementor-element elementor-element-56a0fd93 e-con-full e-flex e-con e-child\" data-id=\"56a0fd93\" data-element_type=\"container\" data-e-type=\"container\">\n\t\t\t\t<div class=\"elementor-element elementor-element-8689fa1 elementor-widget elementor-widget-image\" data-id=\"8689fa1\" data-element_type=\"widget\" data-e-type=\"widget\" data-widget_type=\"image.default\">\n\t\t\t\t\t\t\t\t\t\t\t\t\t\t\t<img fetchpriority=\"high\" decoding=\"async\" width=\"913\" height=\"1024\" src=\"https:\/\/delarosaabogados.com\/wp-content\/uploads\/2026\/03\/Gemini_Generated_Image_gmnhe5gmnhe5gmnh-1-e1773173833543-913x1024.png\" class=\"attachment-large size-large wp-image-1518\" alt=\"\" srcset=\"https:\/\/delarosaabogados.com\/wp-content\/uploads\/2026\/03\/Gemini_Generated_Image_gmnhe5gmnhe5gmnh-1-e1773173833543-913x1024.png 913w, https:\/\/delarosaabogados.com\/wp-content\/uploads\/2026\/03\/Gemini_Generated_Image_gmnhe5gmnhe5gmnh-1-e1773173833543-267x300.png 267w, https:\/\/delarosaabogados.com\/wp-content\/uploads\/2026\/03\/Gemini_Generated_Image_gmnhe5gmnhe5gmnh-1-e1773173833543-768x862.png 768w, https:\/\/delarosaabogados.com\/wp-content\/uploads\/2026\/03\/Gemini_Generated_Image_gmnhe5gmnhe5gmnh-1-e1773173833543-1369x1536.png 1369w, https:\/\/delarosaabogados.com\/wp-content\/uploads\/2026\/03\/Gemini_Generated_Image_gmnhe5gmnhe5gmnh-1-e1773173833543.png 1756w\" sizes=\"(max-width: 913px) 100vw, 913px\" \/>\t\t\t\t\t\t\t\t\t\t\t\t\t\t\t<\/div>\n\t\t\t\t<\/div>\n\t\t<div class=\"elementor-element elementor-element-57e852e6 e-con-full e-flex e-con e-child\" data-id=\"57e852e6\" data-element_type=\"container\" data-e-type=\"container\">\n\t\t\t\t<div class=\"elementor-element elementor-element-7fcc88c6 elementor-widget elementor-widget-text-editor\" data-id=\"7fcc88c6\" data-element_type=\"widget\" data-e-type=\"widget\" data-widget_type=\"text-editor.default\">\n\t\t\t\t\t\t\t\t\t<p>Lic. Almarosa S\u00e1nchez P\u00e9rez, \u00a0es abogada asociada en <strong><b>DE LA ROSA ABOGADOS ASOCIADOS, S.C.<\/b><\/strong>, en el ejercicio de su pr\u00e1ctica profesional, ha intervenido en la representaci\u00f3n y defensa de clientes en procedimientos ante autoridades laborales, as\u00ed como en la elaboraci\u00f3n de estrategias jur\u00eddicas orientadas a la soluci\u00f3n eficaz de controversias derivadas de las relaciones de trabajo.<\/p><p>Su desempe\u00f1o se distingue por el compromiso, la disciplina profesional y la atenci\u00f3n cuidadosa de los asuntos que le son encomendados, contribuyendo al fortalecimiento del equipo jur\u00eddico del despacho y a la prestaci\u00f3n de servicios legales caracterizados por el profesionalismo y la responsabilidad.<\/p>\t\t\t\t\t\t\t\t<\/div>\n\t\t\t\t<\/div>\n\t\t\t\t<\/div>\n\t\t<div class=\"elementor-element elementor-element-d75c778 e-flex e-con-boxed e-con e-parent\" data-id=\"d75c778\" data-element_type=\"container\" data-e-type=\"container\">\n\t\t\t\t\t<div class=\"e-con-inner\">\n\t\t\t\t<div class=\"elementor-element elementor-element-b777bc9 elementor-widget elementor-widget-spacer\" data-id=\"b777bc9\" data-element_type=\"widget\" data-e-type=\"widget\" data-widget_type=\"spacer.default\">\n\t\t\t\t\t\t\t<div class=\"elementor-spacer\">\n\t\t\t<div class=\"elementor-spacer-inner\"><\/div>\n\t\t<\/div>\n\t\t\t\t\t\t<\/div>\n\t\t\t\t\t<\/div>\n\t\t\t\t<\/div>\n\t\t\t\t<\/div>\n\t\t","protected":false},"excerpt":{"rendered":"<p>LIC. ALMAROSA S\u00c1NCHEZ P\u00c9REZ Lic. Almarosa S\u00e1nchez P\u00e9rez, \u00a0es abogada asociada en DE LA ROSA ABOGADOS ASOCIADOS, S.C., en el ejercicio de su pr\u00e1ctica profesional, ha intervenido en la representaci\u00f3n y defensa de clientes en procedimientos ante autoridades laborales, as\u00ed como en la elaboraci\u00f3n de estrategias jur\u00eddicas orientadas a la soluci\u00f3n eficaz de controversias derivadas [&hellip;]<\/p>\n","protected":false},"author":1,"featured_media":0,"parent":0,"menu_order":0,"comment_status":"closed","ping_status":"closed","template":"elementor_header_footer","meta":{"footnotes":""},"class_list":["post-1675","page","type-page","status-publish","hentry"],"blocksy_meta":[],"_links":{"self":[{"href":"https:\/\/delarosaabogados.com\/index.php?rest_route=\/wp\/v2\/pages\/1675","targetHints":{"allow":["GET"]}}],"collection":[{"href":"https:\/\/delarosaabogados.com\/index.php?rest_route=\/wp\/v2\/pages"}],"about":[{"href":"https:\/\/delarosaabogados.com\/index.php?rest_route=\/wp\/v2\/types\/page"}],"author":[{"embeddable":true,"href":"https:\/\/delarosaabogados.com\/index.php?rest_route=\/wp\/v2\/users\/1"}],"replies":[{"embeddable":true,"href":"https:\/\/delarosaabogados.com\/index.php?rest_route=%2Fwp%2Fv2%2Fcomments&post=1675"}],"version-history":[{"count":20,"href":"https:\/\/delarosaabogados.com\/index.php?rest_route=\/wp\/v2\/pages\/1675\/revisions"}],"predecessor-version":[{"id":1695,"href":"https:\/\/delarosaabogados.com\/index.php?rest_route=\/wp\/v2\/pages\/1675\/revisions\/1695"}],"wp:attachment":[{"href":"https:\/\/delarosaabogados.com\/index.php?rest_route=%2Fwp%2Fv2%2Fmedia&parent=1675"}],"curies":[{"name":"wp","href":"https:\/\/api.w.org\/{rel}","templated":true}]}}