{"id":1633,"date":"2026-03-11T19:24:43","date_gmt":"2026-03-11T19:24:43","guid":{"rendered":"https:\/\/delarosaabogados.com\/?page_id=1633"},"modified":"2026-03-11T20:05:46","modified_gmt":"2026-03-11T20:05:46","slug":"mtro-oscar-rolando-guajardo-de-la-rosa","status":"publish","type":"page","link":"https:\/\/delarosaabogados.com\/?page_id=1633","title":{"rendered":"MTRO. \u00d3SCAR ROLANDO GUAJARDO DE LA ROSA"},"content":{"rendered":"\t\t<div data-elementor-type=\"wp-page\" data-elementor-id=\"1633\" class=\"elementor elementor-1633\">\n\t\t\t\t<div class=\"elementor-element elementor-element-1cc7c27d e-flex e-con-boxed e-con e-parent\" data-id=\"1cc7c27d\" data-element_type=\"container\" data-e-type=\"container\" data-settings=\"{&quot;background_background&quot;:&quot;classic&quot;}\">\n\t\t\t\t\t<div class=\"e-con-inner\">\n\t\t<div class=\"elementor-element elementor-element-871adef e-con-full e-flex e-con e-child\" data-id=\"871adef\" data-element_type=\"container\" data-e-type=\"container\">\n\t\t\t\t<div class=\"elementor-element elementor-element-c9f58d1 elementor-widget elementor-widget-heading\" data-id=\"c9f58d1\" data-element_type=\"widget\" data-e-type=\"widget\" data-widget_type=\"heading.default\">\n\t\t\t\t\t<h2 class=\"elementor-heading-title elementor-size-default\">MTRO. \u00d3SCAR ROLANDO GUAJARDO DE LA ROSA<\/h2>\t\t\t\t<\/div>\n\t\t\t\t<\/div>\n\t\t\t\t\t<\/div>\n\t\t\t\t<\/div>\n\t\t<div class=\"elementor-element elementor-element-ee439a4 e-flex e-con-boxed e-con e-parent\" data-id=\"ee439a4\" data-element_type=\"container\" data-e-type=\"container\">\n\t\t\t\t\t<div class=\"e-con-inner\">\n\t\t\t\t<div class=\"elementor-element elementor-element-e94dac3 elementor-widget elementor-widget-spacer\" data-id=\"e94dac3\" data-element_type=\"widget\" data-e-type=\"widget\" data-widget_type=\"spacer.default\">\n\t\t\t\t\t\t\t<div class=\"elementor-spacer\">\n\t\t\t<div class=\"elementor-spacer-inner\"><\/div>\n\t\t<\/div>\n\t\t\t\t\t\t<\/div>\n\t\t\t\t\t<\/div>\n\t\t\t\t<\/div>\n\t\t<div class=\"elementor-element elementor-element-7cd53487 e-con-full e-flex e-con e-parent\" data-id=\"7cd53487\" data-element_type=\"container\" data-e-type=\"container\" data-settings=\"{&quot;background_background&quot;:&quot;classic&quot;}\">\n\t\t<div class=\"elementor-element elementor-element-1d882bcc e-con-full e-flex e-con e-child\" data-id=\"1d882bcc\" data-element_type=\"container\" data-e-type=\"container\">\n\t\t\t\t<div class=\"elementor-element elementor-element-87dbefe elementor-widget elementor-widget-image\" data-id=\"87dbefe\" data-element_type=\"widget\" data-e-type=\"widget\" data-widget_type=\"image.default\">\n\t\t\t\t\t\t\t\t\t\t\t\t\t\t\t<img fetchpriority=\"high\" decoding=\"async\" width=\"906\" height=\"1024\" src=\"https:\/\/delarosaabogados.com\/wp-content\/uploads\/2026\/03\/Gemini_Generated_Image_ekvyspekvyspekvy-1-e1773174776663-906x1024.png\" class=\"attachment-large size-large wp-image-1521\" alt=\"\" srcset=\"https:\/\/delarosaabogados.com\/wp-content\/uploads\/2026\/03\/Gemini_Generated_Image_ekvyspekvyspekvy-1-e1773174776663-906x1024.png 906w, https:\/\/delarosaabogados.com\/wp-content\/uploads\/2026\/03\/Gemini_Generated_Image_ekvyspekvyspekvy-1-e1773174776663-265x300.png 265w, https:\/\/delarosaabogados.com\/wp-content\/uploads\/2026\/03\/Gemini_Generated_Image_ekvyspekvyspekvy-1-e1773174776663-768x868.png 768w, https:\/\/delarosaabogados.com\/wp-content\/uploads\/2026\/03\/Gemini_Generated_Image_ekvyspekvyspekvy-1-e1773174776663-1359x1536.png 1359w, https:\/\/delarosaabogados.com\/wp-content\/uploads\/2026\/03\/Gemini_Generated_Image_ekvyspekvyspekvy-1-e1773174776663-1812x2048.png 1812w, https:\/\/delarosaabogados.com\/wp-content\/uploads\/2026\/03\/Gemini_Generated_Image_ekvyspekvyspekvy-1-e1773174776663.png 1833w\" sizes=\"(max-width: 906px) 100vw, 906px\" \/>\t\t\t\t\t\t\t\t\t\t\t\t\t\t\t<\/div>\n\t\t\t\t<\/div>\n\t\t<div class=\"elementor-element elementor-element-690cd2d2 e-con-full e-flex e-con e-child\" data-id=\"690cd2d2\" data-element_type=\"container\" data-e-type=\"container\">\n\t\t\t\t<div class=\"elementor-element elementor-element-3828dfc6 elementor-widget elementor-widget-text-editor\" data-id=\"3828dfc6\" data-element_type=\"widget\" data-e-type=\"widget\" data-widget_type=\"text-editor.default\">\n\t\t\t\t\t\t\t\t\t<p>Mtro. \u00d3scar Rolando Guajardo De La Rosa, \u00a0es asociado en <strong><b>\u201cDE LA ROSA ABOGADOS ASOCIADOS, S.C.\u201d, <\/b><\/strong>especialista en derecho laboral y seguridad social, con m\u00e1s de quince a\u00f1os de trayectoria, su pr\u00e1ctica se enfoca en la asesor\u00eda jur\u00eddica, el litigio laboral y la atenci\u00f3n de procedimientos ante autoridades laborales y organismos de seguridad social, destac\u00e1ndose por su compromiso con la excelencia profesional y la atenci\u00f3n estrat\u00e9gica de los asuntos laborales.<\/p><p>Dentro de la firma se ha distinguido por su compromiso con la excelencia profesional, el rigor t\u00e9cnico y la atenci\u00f3n personalizada en los asuntos que le son encomendados, contribuyendo con su experiencia al fortalecimiento del equipo jur\u00eddico de la firma y a su posicionamiento en la prestaci\u00f3n de servicios legales de alta calidad, que lo ha llevado a convertirse en uno de los principales pilares del \u00e1rea laboral.<\/p>\t\t\t\t\t\t\t\t<\/div>\n\t\t\t\t<\/div>\n\t\t\t\t<\/div>\n\t\t<div class=\"elementor-element elementor-element-3adcddd e-flex e-con-boxed e-con e-parent\" data-id=\"3adcddd\" data-element_type=\"container\" data-e-type=\"container\">\n\t\t\t\t\t<div class=\"e-con-inner\">\n\t\t\t\t<div class=\"elementor-element elementor-element-99e3ac3 elementor-widget elementor-widget-spacer\" data-id=\"99e3ac3\" data-element_type=\"widget\" data-e-type=\"widget\" data-widget_type=\"spacer.default\">\n\t\t\t\t\t\t\t<div class=\"elementor-spacer\">\n\t\t\t<div class=\"elementor-spacer-inner\"><\/div>\n\t\t<\/div>\n\t\t\t\t\t\t<\/div>\n\t\t\t\t\t<\/div>\n\t\t\t\t<\/div>\n\t\t\t\t<\/div>\n\t\t","protected":false},"excerpt":{"rendered":"<p>MTRO. \u00d3SCAR ROLANDO GUAJARDO DE LA ROSA Mtro. \u00d3scar Rolando Guajardo De La Rosa, \u00a0es asociado en \u201cDE LA ROSA ABOGADOS ASOCIADOS, S.C.\u201d, especialista en derecho laboral y seguridad social, con m\u00e1s de quince a\u00f1os de trayectoria, su pr\u00e1ctica se enfoca en la asesor\u00eda jur\u00eddica, el litigio laboral y la atenci\u00f3n de procedimientos ante autoridades [&hellip;]<\/p>\n","protected":false},"author":1,"featured_media":0,"parent":0,"menu_order":0,"comment_status":"closed","ping_status":"closed","template":"elementor_header_footer","meta":{"footnotes":""},"class_list":["post-1633","page","type-page","status-publish","hentry"],"blocksy_meta":[],"_links":{"self":[{"href":"https:\/\/delarosaabogados.com\/index.php?rest_route=\/wp\/v2\/pages\/1633","targetHints":{"allow":["GET"]}}],"collection":[{"href":"https:\/\/delarosaabogados.com\/index.php?rest_route=\/wp\/v2\/pages"}],"about":[{"href":"https:\/\/delarosaabogados.com\/index.php?rest_route=\/wp\/v2\/types\/page"}],"author":[{"embeddable":true,"href":"https:\/\/delarosaabogados.com\/index.php?rest_route=\/wp\/v2\/users\/1"}],"replies":[{"embeddable":true,"href":"https:\/\/delarosaabogados.com\/index.php?rest_route=%2Fwp%2Fv2%2Fcomments&post=1633"}],"version-history":[{"count":12,"href":"https:\/\/delarosaabogados.com\/index.php?rest_route=\/wp\/v2\/pages\/1633\/revisions"}],"predecessor-version":[{"id":1650,"href":"https:\/\/delarosaabogados.com\/index.php?rest_route=\/wp\/v2\/pages\/1633\/revisions\/1650"}],"wp:attachment":[{"href":"https:\/\/delarosaabogados.com\/index.php?rest_route=%2Fwp%2Fv2%2Fmedia&parent=1633"}],"curies":[{"name":"wp","href":"https:\/\/api.w.org\/{rel}","templated":true}]}}