{"id":1471,"date":"2026-03-07T23:33:11","date_gmt":"2026-03-07T23:33:11","guid":{"rendered":"https:\/\/delarosaabogados.com\/?page_id=1471"},"modified":"2026-03-31T00:40:20","modified_gmt":"2026-03-31T00:40:20","slug":"elementor-1471","status":"publish","type":"page","link":"https:\/\/delarosaabogados.com\/?page_id=1471","title":{"rendered":"Cultura organizacional"},"content":{"rendered":"\t\t<div data-elementor-type=\"wp-page\" data-elementor-id=\"1471\" class=\"elementor elementor-1471\">\n\t\t\t\t<div class=\"elementor-element elementor-element-c755414 e-flex e-con-boxed e-con e-parent\" data-id=\"c755414\" data-element_type=\"container\" data-e-type=\"container\" data-settings=\"{&quot;background_background&quot;:&quot;classic&quot;}\">\n\t\t\t\t\t<div class=\"e-con-inner\">\n\t\t<div class=\"elementor-element elementor-element-92cc7b3 e-con-full e-flex e-con e-child\" data-id=\"92cc7b3\" data-element_type=\"container\" data-e-type=\"container\">\n\t\t\t\t<div class=\"elementor-element elementor-element-b44a0e5 elementor-widget elementor-widget-heading\" data-id=\"b44a0e5\" data-element_type=\"widget\" data-e-type=\"widget\" data-widget_type=\"heading.default\">\n\t\t\t\t\t<h2 class=\"elementor-heading-title elementor-size-default\">Cultura Organizacional<\/h2>\t\t\t\t<\/div>\n\t\t\t\t<\/div>\n\t\t\t\t\t<\/div>\n\t\t\t\t<\/div>\n\t\t<div class=\"elementor-element elementor-element-593585c e-flex e-con-boxed e-con e-parent\" data-id=\"593585c\" data-element_type=\"container\" data-e-type=\"container\">\n\t\t\t\t\t<div class=\"e-con-inner\">\n\t\t\t\t<div class=\"elementor-element elementor-element-1d6eae1 elementor-widget elementor-widget-spacer\" data-id=\"1d6eae1\" data-element_type=\"widget\" data-e-type=\"widget\" data-widget_type=\"spacer.default\">\n\t\t\t\t\t\t\t<div class=\"elementor-spacer\">\n\t\t\t<div class=\"elementor-spacer-inner\"><\/div>\n\t\t<\/div>\n\t\t\t\t\t\t<\/div>\n\t\t\t\t\t<\/div>\n\t\t\t\t<\/div>\n\t\t<div class=\"elementor-element elementor-element-77cd387 e-flex e-con-boxed e-con e-parent\" data-id=\"77cd387\" data-element_type=\"container\" data-e-type=\"container\">\n\t\t\t\t\t<div class=\"e-con-inner\">\n\t\t\t\t<div class=\"elementor-element elementor-element-e3395f9 elementor-widget elementor-widget-heading\" data-id=\"e3395f9\" data-element_type=\"widget\" data-e-type=\"widget\" data-widget_type=\"heading.default\">\n\t\t\t\t\t<h2 class=\"elementor-heading-title elementor-size-default\">Nuestra Cultura Organizacional<\/h2>\t\t\t\t<\/div>\n\t\t\t\t<div class=\"elementor-element elementor-element-ac7c41c elementor-widget elementor-widget-text-editor\" data-id=\"ac7c41c\" data-element_type=\"widget\" data-e-type=\"widget\" data-widget_type=\"text-editor.default\">\n\t\t\t\t\t\t\t\t\t<p>En la Firma promovemos una cultura organizacional orientada al profesionalismo, la responsabilidad y el compromiso con nuestros clientes. Cada persona que colabora en el despacho act\u00faa conforme a estos valores, garantizando la calidad de nuestros servicios jur\u00eddicos.<\/p>\t\t\t\t\t\t\t\t<\/div>\n\t\t\t\t<div class=\"elementor-element elementor-element-8a9f0ce elementor-widget elementor-widget-spacer\" data-id=\"8a9f0ce\" data-element_type=\"widget\" data-e-type=\"widget\" data-widget_type=\"spacer.default\">\n\t\t\t\t\t\t\t<div class=\"elementor-spacer\">\n\t\t\t<div class=\"elementor-spacer-inner\"><\/div>\n\t\t<\/div>\n\t\t\t\t\t\t<\/div>\n\t\t\t\t\t<\/div>\n\t\t\t\t<\/div>\n\t\t<div class=\"elementor-element elementor-element-922422f e-flex e-con-boxed e-con e-parent\" data-id=\"922422f\" data-element_type=\"container\" data-e-type=\"container\">\n\t\t\t\t\t<div class=\"e-con-inner\">\n\t\t\t\t<div class=\"elementor-element elementor-element-b03565b elementor-widget-divider--view-line elementor-widget elementor-widget-divider\" data-id=\"b03565b\" data-element_type=\"widget\" data-e-type=\"widget\" data-widget_type=\"divider.default\">\n\t\t\t\t\t\t\t<div class=\"elementor-divider\">\n\t\t\t<span class=\"elementor-divider-separator\">\n\t\t\t\t\t\t<\/span>\n\t\t<\/div>\n\t\t\t\t\t\t<\/div>\n\t\t\t\t<div class=\"elementor-element elementor-element-f166bfd elementor-widget elementor-widget-spacer\" data-id=\"f166bfd\" data-element_type=\"widget\" data-e-type=\"widget\" data-widget_type=\"spacer.default\">\n\t\t\t\t\t\t\t<div class=\"elementor-spacer\">\n\t\t\t<div class=\"elementor-spacer-inner\"><\/div>\n\t\t<\/div>\n\t\t\t\t\t\t<\/div>\n\t\t\t\t\t<\/div>\n\t\t\t\t<\/div>\n\t\t<div class=\"elementor-element elementor-element-d25e913 e-flex e-con-boxed e-con e-parent\" data-id=\"d25e913\" data-element_type=\"container\" data-e-type=\"container\">\n\t\t\t\t\t<div class=\"e-con-inner\">\n\t\t\t\t<div class=\"elementor-element elementor-element-ad8cc48 elementor-widget elementor-widget-heading\" data-id=\"ad8cc48\" data-element_type=\"widget\" data-e-type=\"widget\" data-widget_type=\"heading.default\">\n\t\t\t\t\t<h2 class=\"elementor-heading-title elementor-size-default\">Principios de nuestra cultura<\/h2>\t\t\t\t<\/div>\n\t\t\t\t\t<\/div>\n\t\t\t\t<\/div>\n\t\t<div class=\"elementor-element elementor-element-0e2200a e-flex e-con-boxed e-con e-parent\" data-id=\"0e2200a\" data-element_type=\"container\" data-e-type=\"container\">\n\t\t\t\t\t<div class=\"e-con-inner\">\n\t\t\t\t<div class=\"elementor-element elementor-element-ad91b3a elementor-widget elementor-widget-spacer\" data-id=\"ad91b3a\" data-element_type=\"widget\" data-e-type=\"widget\" data-widget_type=\"spacer.default\">\n\t\t\t\t\t\t\t<div class=\"elementor-spacer\">\n\t\t\t<div class=\"elementor-spacer-inner\"><\/div>\n\t\t<\/div>\n\t\t\t\t\t\t<\/div>\n\t\t\t\t\t<\/div>\n\t\t\t\t<\/div>\n\t\t<div class=\"elementor-element elementor-element-513df16 e-grid e-con-boxed e-con e-parent\" data-id=\"513df16\" data-element_type=\"container\" data-e-type=\"container\">\n\t\t\t\t\t<div class=\"e-con-inner\">\n\t\t\t\t<div class=\"elementor-element elementor-element-76196c7 elementor-widget elementor-widget-heading\" data-id=\"76196c7\" data-element_type=\"widget\" data-e-type=\"widget\" data-widget_type=\"heading.default\">\n\t\t\t\t\t<h2 class=\"elementor-heading-title elementor-size-default\">Atenci\u00f3n oportuna<\/h2>\t\t\t\t<\/div>\n\t\t\t\t<div class=\"elementor-element elementor-element-ba3e96c elementor-widget elementor-widget-heading\" data-id=\"ba3e96c\" data-element_type=\"widget\" data-e-type=\"widget\" data-widget_type=\"heading.default\">\n\t\t\t\t\t<h2 class=\"elementor-heading-title elementor-size-default\">Respeto<\/h2>\t\t\t\t<\/div>\n\t\t\t\t<div class=\"elementor-element elementor-element-74043a3 elementor-widget elementor-widget-text-editor\" data-id=\"74043a3\" data-element_type=\"widget\" data-e-type=\"widget\" data-widget_type=\"text-editor.default\">\n\t\t\t\t\t\t\t\t\t<p>Las personas que colaboran en la Firma tienen el compromiso de identificar oportunamente las necesidades de nuestros clientes, brindando atenci\u00f3n profesional y soluciones jur\u00eddicas eficaces que contribuyan a la adecuada resoluci\u00f3n de los conflictos que les son encomendados.<\/p>\t\t\t\t\t\t\t\t<\/div>\n\t\t\t\t<div class=\"elementor-element elementor-element-63300ea elementor-widget elementor-widget-text-editor\" data-id=\"63300ea\" data-element_type=\"widget\" data-e-type=\"widget\" data-widget_type=\"text-editor.default\">\n\t\t\t\t\t\t\t\t\t<p>Quienes forman parte de la Firma est\u00e1n obligados a conducirse con respeto hacia todas las personas, sin realizar distinci\u00f3n, exclusi\u00f3n o preferencia alguna. Asimismo, se abstendr\u00e1n de realizar actos que puedan obstaculizar o restringir el ejercicio de los derechos humanos o afectar la adecuada prestaci\u00f3n de nuestros servicios.<\/p>\t\t\t\t\t\t\t\t<\/div>\n\t\t\t\t\t<\/div>\n\t\t\t\t<\/div>\n\t\t<div class=\"elementor-element elementor-element-ad6f657 e-grid e-con-boxed e-con e-parent\" data-id=\"ad6f657\" data-element_type=\"container\" data-e-type=\"container\">\n\t\t\t\t\t<div class=\"e-con-inner\">\n\t\t\t\t<div class=\"elementor-element elementor-element-e081672 elementor-widget elementor-widget-heading\" data-id=\"e081672\" data-element_type=\"widget\" data-e-type=\"widget\" data-widget_type=\"heading.default\">\n\t\t\t\t\t<h2 class=\"elementor-heading-title elementor-size-default\">Responsabilidad<\/h2>\t\t\t\t<\/div>\n\t\t\t\t<div class=\"elementor-element elementor-element-838a316 elementor-widget elementor-widget-heading\" data-id=\"838a316\" data-element_type=\"widget\" data-e-type=\"widget\" data-widget_type=\"heading.default\">\n\t\t\t\t\t<h2 class=\"elementor-heading-title elementor-size-default\">Responsabilidad social corporativa<\/h2>\t\t\t\t<\/div>\n\t\t\t\t<div class=\"elementor-element elementor-element-bc916fc elementor-widget elementor-widget-text-editor\" data-id=\"bc916fc\" data-element_type=\"widget\" data-e-type=\"widget\" data-widget_type=\"text-editor.default\">\n\t\t\t\t\t\t\t\t\t<p>Quienes integran la Firma asumen plenamente las consecuencias de sus actos, cumpliendo de manera cabal con los compromisos y obligaciones que se generan en el desempe\u00f1o de sus funciones, tomando decisiones responsables en cada asunto que se les conf\u00eda.<\/p>\t\t\t\t\t\t\t\t<\/div>\n\t\t\t\t<div class=\"elementor-element elementor-element-4781a12 elementor-widget elementor-widget-text-editor\" data-id=\"4781a12\" data-element_type=\"widget\" data-e-type=\"widget\" data-widget_type=\"text-editor.default\">\n\t\t\t\t\t\t\t\t\t<p>Las personas que colaboran en la Firma desarrollan sus actividades con respeto a los derechos humanos, al medio ambiente, a los derechos laborales y al marco legal aplicable, promoviendo siempre la honestidad, la transparencia y el cuidado del entorno social.<\/p>\t\t\t\t\t\t\t\t<\/div>\n\t\t\t\t\t<\/div>\n\t\t\t\t<\/div>\n\t\t<div class=\"elementor-element elementor-element-d98575b e-flex e-con-boxed e-con e-parent\" data-id=\"d98575b\" data-element_type=\"container\" data-e-type=\"container\">\n\t\t\t\t\t<div class=\"e-con-inner\">\n\t\t\t\t<div class=\"elementor-element elementor-element-b504f87 elementor-widget elementor-widget-spacer\" data-id=\"b504f87\" data-element_type=\"widget\" data-e-type=\"widget\" data-widget_type=\"spacer.default\">\n\t\t\t\t\t\t\t<div class=\"elementor-spacer\">\n\t\t\t<div class=\"elementor-spacer-inner\"><\/div>\n\t\t<\/div>\n\t\t\t\t\t\t<\/div>\n\t\t\t\t\t<\/div>\n\t\t\t\t<\/div>\n\t\t<div class=\"elementor-element elementor-element-3a633662 e-flex e-con-boxed e-con e-parent\" data-id=\"3a633662\" data-element_type=\"container\" data-e-type=\"container\" data-settings=\"{&quot;background_background&quot;:&quot;classic&quot;}\">\n\t\t\t\t\t<div class=\"e-con-inner\">\n\t\t<div class=\"elementor-element elementor-element-f4b3f71 e-con-full e-flex e-con e-child\" data-id=\"f4b3f71\" data-element_type=\"container\" data-e-type=\"container\">\n\t\t\t\t<div class=\"elementor-element elementor-element-0e8b72a elementor-widget elementor-widget-heading\" data-id=\"0e8b72a\" data-element_type=\"widget\" data-e-type=\"widget\" data-widget_type=\"heading.default\">\n\t\t\t\t\t<h2 class=\"elementor-heading-title elementor-size-default\">Nuestros valores orientan cada decisi\u00f3n y   fortalecen la confianza de quienes depositan en nosotros la defensa de sus intereses.<\/h2>\t\t\t\t<\/div>\n\t\t\t\t<\/div>\n\t\t\t\t\t<\/div>\n\t\t\t\t<\/div>\n\t\t<div class=\"elementor-element elementor-element-48f5246 e-flex e-con-boxed e-con e-parent\" data-id=\"48f5246\" data-element_type=\"container\" data-e-type=\"container\">\n\t\t\t\t\t<div class=\"e-con-inner\">\n\t\t\t\t<div class=\"elementor-element elementor-element-b56ebed elementor-widget elementor-widget-spacer\" data-id=\"b56ebed\" data-element_type=\"widget\" data-e-type=\"widget\" data-widget_type=\"spacer.default\">\n\t\t\t\t\t\t\t<div class=\"elementor-spacer\">\n\t\t\t<div class=\"elementor-spacer-inner\"><\/div>\n\t\t<\/div>\n\t\t\t\t\t\t<\/div>\n\t\t\t\t\t<\/div>\n\t\t\t\t<\/div>\n\t\t<div class=\"elementor-element elementor-element-657ceb2 e-flex e-con-boxed e-con e-parent\" data-id=\"657ceb2\" data-element_type=\"container\" data-e-type=\"container\">\n\t\t\t\t\t<div class=\"e-con-inner\">\n\t\t\t\t\t<\/div>\n\t\t\t\t<\/div>\n\t\t\t\t<\/div>\n\t\t","protected":false},"excerpt":{"rendered":"<p>Cultura Organizacional Nuestra Cultura Organizacional En la Firma promovemos una cultura organizacional orientada al profesionalismo, la responsabilidad y el compromiso con nuestros clientes. Cada persona que colabora en el despacho act\u00faa conforme a estos valores, garantizando la calidad de nuestros servicios jur\u00eddicos. Principios de nuestra cultura Atenci\u00f3n oportuna Respeto Las personas que colaboran en la [&hellip;]<\/p>\n","protected":false},"author":1,"featured_media":1474,"parent":0,"menu_order":0,"comment_status":"closed","ping_status":"closed","template":"elementor_header_footer","meta":{"footnotes":""},"class_list":["post-1471","page","type-page","status-publish","has-post-thumbnail","hentry"],"blocksy_meta":[],"_links":{"self":[{"href":"https:\/\/delarosaabogados.com\/index.php?rest_route=\/wp\/v2\/pages\/1471","targetHints":{"allow":["GET"]}}],"collection":[{"href":"https:\/\/delarosaabogados.com\/index.php?rest_route=\/wp\/v2\/pages"}],"about":[{"href":"https:\/\/delarosaabogados.com\/index.php?rest_route=\/wp\/v2\/types\/page"}],"author":[{"embeddable":true,"href":"https:\/\/delarosaabogados.com\/index.php?rest_route=\/wp\/v2\/users\/1"}],"replies":[{"embeddable":true,"href":"https:\/\/delarosaabogados.com\/index.php?rest_route=%2Fwp%2Fv2%2Fcomments&post=1471"}],"version-history":[{"count":29,"href":"https:\/\/delarosaabogados.com\/index.php?rest_route=\/wp\/v2\/pages\/1471\/revisions"}],"predecessor-version":[{"id":1845,"href":"https:\/\/delarosaabogados.com\/index.php?rest_route=\/wp\/v2\/pages\/1471\/revisions\/1845"}],"wp:featuredmedia":[{"embeddable":true,"href":"https:\/\/delarosaabogados.com\/index.php?rest_route=\/wp\/v2\/media\/1474"}],"wp:attachment":[{"href":"https:\/\/delarosaabogados.com\/index.php?rest_route=%2Fwp%2Fv2%2Fmedia&parent=1471"}],"curies":[{"name":"wp","href":"https:\/\/api.w.org\/{rel}","templated":true}]}}